{"id":3292,"date":"2023-05-05T20:56:52","date_gmt":"2023-05-05T17:56:52","guid":{"rendered":"https:\/\/icebergmuhendislik.com\/?page_id=3292"},"modified":"2023-05-05T20:56:52","modified_gmt":"2023-05-05T17:56:52","slug":"zemin-paneli","status":"publish","type":"page","link":"https:\/\/icebergmuhendislik.com\/en\/zemin-paneli\/","title":{"rendered":"Floor Panel"},"content":{"rendered":"<p><strong>Zemin Paneli Nedir ve Ne \u0130\u015fe Yarar?<\/strong><\/p>\n<p>Taban betonu yap\u0131m\u0131nda kullan\u0131lan zemin paneli, son y\u0131llarda in\u015faat sekt\u00f6r\u00fcnde s\u0131k\u00e7a tercih edilen bir malzeme haline geldi. <strong>Zemin panelleri<\/strong>, betonarme yap\u0131lar\u0131n temelindeki zemin d\u00fczle\u015ftirme i\u015fleminde kullan\u0131lan, genellikle ah\u015fap, beton veya \u00e7elik malzemeden \u00fcretilen panellere denir.<\/p>\n<p>Zemin panelleri, in\u015faat sekt\u00f6r\u00fcnde kullan\u0131m\u0131 olduk\u00e7a yayg\u0131n olan bir yap\u0131 malzemesidir. Beton zeminlerin d\u00fczle\u015ftirilmesinde kullan\u0131lan zemin panelleri, i\u015flemin daha h\u0131zl\u0131 ve kolay bir \u015fekilde ger\u00e7ekle\u015ftirilmesine olanak sa\u011flar. Ayn\u0131 zamanda, zemin panelleri betonun d\u00f6k\u00fcm\u00fc s\u0131ras\u0131nda y\u00fczeyde olu\u015fabilecek \u00e7atlaklar\u0131 \u00f6nleyerek, daha d\u00fczg\u00fcn bir zemin elde edilmesine yard\u0131mc\u0131 olmaktad\u0131r.<\/p>\n<p><strong>Zemin paneli \u00e7e\u015fitleri nelerdir?<\/strong><\/p>\n<p><strong>Ah\u015fap Zemin Panelleri:<\/strong><\/p>\n<p>Ah\u015fap zemin panelleri, in\u015faat sekt\u00f6r\u00fcnde en \u00e7ok tercih edilen zemin panelleridir. Do\u011fal ah\u015fap malzemeden \u00fcretilen zemin panelleri, kolay \u015fekil alabilme \u00f6zelli\u011fi sayesinde d\u00fcz y\u00fczeylerin yan\u0131 s\u0131ra e\u011fimli y\u00fczeylerde de kullan\u0131labilmektedir. <strong>Ah\u015fap zemin panelleri<\/strong>, beton d\u00f6k\u00fcld\u00fckten sonra kolayca s\u00f6k\u00fcl\u00fcp ve yeniden kullan\u0131labilmektedir. Ayr\u0131ca, ah\u015fap zemin panelleri yal\u0131t\u0131m \u00f6zellikleri sayesinde betonun kuruma s\u00fcrecini h\u0131zland\u0131r\u0131r.<\/p>\n<p><strong>Beton Zemin Panelleri:<\/strong><\/p>\n<p><strong>Beton zemin panelleri<\/strong>, genellikle in\u015faat sekt\u00f6r\u00fcnde b\u00fcy\u00fck projelerde kullan\u0131lan dayan\u0131kl\u0131 zemin panelleridir. \u00c7e\u015fitli \u015fekil ve boyutlarda \u00fcretilebilen beton zemin panelleri, y\u00fcksek a\u011f\u0131rl\u0131k ta\u015f\u0131ma kapasitesi sayesinde zorlu \u015fartlarda kullan\u0131labilirler. Beton zemin panelleri, \u00f6zellikle end\u00fcstriyel alanlarda, garajlarda, depolarda ve hangar gibi alanlarda s\u0131k\u00e7a kullan\u0131lmaktad\u0131r.<\/p>\n<p><strong>\u00c7elik Zemin Panelleri:<\/strong><\/p>\n<p>\u00c7elik zemin panelleri, dayan\u0131kl\u0131l\u0131\u011f\u0131 ve uzun \u00f6m\u00fcrl\u00fc olmas\u0131 nedeniyle in\u015faat sekt\u00f6r\u00fcnde s\u0131k\u00e7a tercih edilen bir se\u00e7enektir. Bu paneller, genellikle vin\u00e7, forklift gibi ara\u00e7lar\u0131n kullan\u0131ld\u0131\u011f\u0131 alanlarda tercih edilmektedir. Ayr\u0131ca, <strong>\u00e7elik zemin panelleri<\/strong>, g\u00fcvenli\u011fi art\u0131rmak i\u00e7in kaymay\u0131 \u00f6nleyici kaplamalarla kaplanabilmektedir.<\/p>\n<p><strong>Plastik Zemin Panelleri:<\/strong><\/p>\n<p>Plastik zemin panelleri, hafif olmas\u0131 ve d\u00fc\u015f\u00fck maliyeti nedeniyle tercih edilen bir se\u00e7enektir. Zemin panelleri, kolay montaj edilebilmektedir ve betonun \u00fczerine d\u00f6k\u00fcld\u00fckten sonra kolayca s\u00f6k\u00fclebilmektedir. Ayr\u0131ca<strong> plastik zemin panelleri<\/strong>, kaymaz \u00f6zellikleri sayesinde g\u00fcvenli\u011fi art\u0131r\u0131r. Bununla birlikte y\u00fcksek \u0131s\u0131ya dayan\u0131kl\u0131 olmas\u0131 nedeniyle end\u00fcstriyel alanlarda da tercih edilmektedir.<\/p>\n<p>Zemin panelleri, farkl\u0131 ama\u00e7lar i\u00e7in tasarlanan ve farkl\u0131 malzemelerden \u00fcretilen bir yap\u0131 malzemesidir. Projelerin gereksinimlerine g\u00f6re farkl\u0131 zemin paneli tipleri se\u00e7ilebilmektedir.<\/p>\n<p><strong>Zemin paneli nas\u0131l kullan\u0131l\u0131r?<\/strong><\/p>\n<p>Zemin panelleri, beton d\u00f6k\u00fclm\u00fc\u015f zeminde kullan\u0131lmaktad\u0131r. Beton d\u00f6k\u00fcld\u00fckten sonra, zemin panelleri betonun \u00fczerine yerle\u015ftirilmektedir ve d\u00fczg\u00fcn bir \u015fekilde hizalanmaktad\u0131r. Zemin panelleri, betonun y\u00fczeyini d\u00fczle\u015ftirerek p\u00fcr\u00fczs\u00fcz bir y\u00fczey olu\u015fturur ve betonun kurumas\u0131na yard\u0131mc\u0131 olur.<\/p>\n<p>Panellerinin kullan\u0131m\u0131, beton d\u00f6k\u00fcm i\u015flemi s\u0131ras\u0131nda ve sonras\u0131nda ger\u00e7ekle\u015ftirilmektedir. Beton d\u00f6k\u00fclm\u00fc\u015f zeminin \u00fczerine yerle\u015ftirilen zemin panelleri, betonun \u00fczerinde hareket edilerek d\u00fczg\u00fcn bir \u015fekilde hizalanmaktad\u0131r. Daha sonra, betonun kurumas\u0131 i\u00e7in beklenmektedir.<\/p>\n<p>Zemin panelleri, \u00e7e\u015fitli malzemelerden \u00fcretilmektedir. Ah\u015fap, beton, \u00e7elik ve plastik zemin panelleri gibi farkl\u0131 tipleri vard\u0131r. Her zemin paneli t\u00fcr\u00fc farkl\u0131 ama\u00e7lar i\u00e7in tasarlanm\u0131\u015ft\u0131r ve farkl\u0131 kullan\u0131m \u00f6zellikleri g\u00f6sterir.<\/p>\n<ul>\n<li>Ah\u015fap zemin panelleri, d\u00fcz y\u00fczeylerin yan\u0131 s\u0131ra e\u011fimli y\u00fczeylerde de kullan\u0131labilmektedir. Betonun kuruma s\u00fcrecini h\u0131zland\u0131r\u0131r ve kolayca s\u00f6k\u00fclebilir.<\/li>\n<li>Beton zemin panelleri, dayan\u0131kl\u0131 ve y\u00fcksek a\u011f\u0131rl\u0131k ta\u015f\u0131ma kapasitesine sahiptir. \u00d6zellikle end\u00fcstriyel alanlarda, garajlarda, depolarda ve hangar gibi alanlarda tercih edilmektedir.<\/li>\n<li>\u00c7elik zemin panelleri, vin\u00e7, forklift gibi ara\u00e7lar\u0131n kullan\u0131ld\u0131\u011f\u0131 alanlarda tercih edilmektedir. G\u00fcvenli\u011fi art\u0131rmak i\u00e7in kaymay\u0131 \u00f6nleyici kaplamalarla kaplanabilmektedir.<\/li>\n<li>Plastik zemin panelleri, hafif, d\u00fc\u015f\u00fck maliyetli ve kolay montaj edilebilmektedir. Kaymaz \u00f6zellikleri sayesinde g\u00fcvenli\u011fi art\u0131r\u0131r ve y\u00fcksek \u0131s\u0131ya dayan\u0131kl\u0131 olmas\u0131 nedeniyle end\u00fcstriyel alanlarda da tercih edilmektedir.<\/li>\n<\/ul>\n<p>Zemin panellerinin kullan\u0131m\u0131, in\u015faat sekt\u00f6r\u00fcnde s\u0131k\u00e7a kullan\u0131lan bir uygulamad\u0131r. Projelerin gereksinimlerine g\u00f6re farkl\u0131 zemin paneli tipleri se\u00e7ilebilir ve zemin panelleri do\u011fru \u015fekilde kullan\u0131ld\u0131\u011f\u0131nda, yap\u0131lar\u0131n temelinde p\u00fcr\u00fczs\u00fcz bir y\u00fczey sa\u011flar ve g\u00fcvenli\u011fi art\u0131r\u0131r.<\/p>\n<p><strong>Zemin paneli avantajlar\u0131 nelerdir?<\/strong><\/p>\n<p><strong>H\u0131zl\u0131 ve Kolay Kurulum:<\/strong> Zemin panelleri, betonun \u00fczerine yerle\u015ftirilerek h\u0131zl\u0131 ve kolay bir \u015fekilde kurulum yap\u0131labilmektedir. Bu sayede in\u015faat projelerinin zaman\u0131nda tamamlanmas\u0131 sa\u011flan\u0131r.<\/p>\n<p><strong>P\u00fcr\u00fczs\u00fcz Y\u00fczey:<\/strong> Bu panelleri, betonun \u00fczerinde hareket ederek p\u00fcr\u00fczs\u00fcz bir y\u00fczey olu\u015fturur. Bu sayede yap\u0131lar\u0131n temelinde d\u00fczg\u00fcn bir zemin sa\u011flar ve yap\u0131lar\u0131n dayan\u0131kl\u0131l\u0131\u011f\u0131n\u0131 art\u0131r\u0131r.<\/p>\n<p><strong>Dayan\u0131kl\u0131l\u0131k:<\/strong> Zemin panelleri, \u00e7e\u015fitli malzemelerden \u00fcretilebilir ve her bir malzeme farkl\u0131 dayan\u0131kl\u0131l\u0131k \u00f6zellikleri sunar. Beton zemin panelleri \u00f6zellikle y\u00fcksek dayan\u0131kl\u0131l\u0131k sa\u011flar ve uzun y\u0131llar boyunca kullan\u0131labilir.<\/p>\n<p><strong>Y\u00fcksek A\u011f\u0131rl\u0131k Ta\u015f\u0131ma Kapasitesi:<\/strong> Beton ve \u00e7elik zemin panelleri, y\u00fcksek a\u011f\u0131rl\u0131k ta\u015f\u0131ma kapasitelerine sahiptir. Bu sayede a\u011f\u0131r y\u00fcklerin ta\u015f\u0131nmas\u0131 ve depolanmas\u0131 i\u00e7in idealdir.<\/p>\n<p><strong>Kolayca S\u00f6k\u00fclebilir:<\/strong> Ah\u015fap ve plastik zemin panelleri, kolayca s\u00f6k\u00fclebilmektedir ve yeniden kullan\u0131labilmektedir. Bu \u00f6zellikleri sayesinde tasarruf sa\u011flar ve at\u0131k olu\u015fumunu azalt\u0131r.<\/p>\n<p><strong>G\u00fcvenli Kullan\u0131m:<\/strong> Zemin panelleri, kaymaz kaplamalarla kaplanabilir ve g\u00fcvenli\u011fi art\u0131r\u0131r. \u00d6zellikle end\u00fcstriyel alanlarda, kaygan zeminlerin \u00f6nlenmesi i\u00e7in kullan\u0131labilmektedir.<\/p>\n<p><strong>Esneklik:<\/strong> Zemin panelleri, farkl\u0131 boyut ve \u015fekillerde \u00fcretilebilmektedir. Bu sayede farkl\u0131 yap\u0131 projelerine uyum sa\u011flar ve esnek bir kullan\u0131m sa\u011flar.<\/p>\n<p><strong>D\u00fc\u015f\u00fck Maliyet:<\/strong> Plastik ve ah\u015fap zemin panelleri, d\u00fc\u015f\u00fck maliyetli malzemelerdir. Bu sayede in\u015faat projelerinde maliyetleri d\u00fc\u015f\u00fcr\u00fcr.<\/p>\n<p><strong>Zemin paneli bak\u0131m\u0131 nas\u0131l yap\u0131l\u0131r?<\/strong><\/p>\n<p><strong>D\u00fczenli Temizlik:<\/strong> Bu panellerinin uzun \u00f6m\u00fcrl\u00fc olmas\u0131 i\u00e7in d\u00fczenli olarak temizlenmeleri gerekir. Kir, toz ve di\u011fer at\u0131klar, zemin panellerinin y\u00fczeyinde birikerek \u00e7iziklere ve hasarlara neden olabilmektedir. Bu nedenle, zemin panelleri d\u00fczenli olarak f\u0131r\u00e7alanmal\u0131 veya s\u00fcp\u00fcr\u00fclmeli, ard\u0131ndan temiz bir bezle silinmelidir.<\/p>\n<p><strong>S\u0131v\u0131 S\u0131z\u0131nt\u0131lar\u0131na H\u0131zl\u0131 M\u00fcdahale:<\/strong> Zemin panellerine s\u0131v\u0131 s\u0131zd\u0131\u011f\u0131nda h\u0131zl\u0131 m\u00fcdahale edilmelidir. \u00d6zellikle ah\u015fap veya <strong>plastik zemin panelleri<\/strong>, nem ve suya kar\u015f\u0131 hassast\u0131r. Bu nedenle, s\u0131v\u0131 s\u0131z\u0131nt\u0131s\u0131 durumunda zemin panellerinin hemen kurutulmas\u0131 ve temizlenmesi gerekir.<\/p>\n<p><strong>Kaplamalar\u0131n Bak\u0131m\u0131:<\/strong> Panellerde kullan\u0131lan kaplamalar, a\u015f\u0131nma ve \u00e7iziklere kar\u015f\u0131 koruma sa\u011flar. Bu nedenle, kaplamalar\u0131n d\u00fczenli olarak kontrol edilmesi ve hasarl\u0131 olanlar\u0131n tamir edilmesi gerekir. Kaplamalar\u0131n \u00f6mr\u00fcn\u00fc uzatmak i\u00e7in \u00f6zel koruyucu kaplamalar da kullan\u0131labilmektedir.<\/p>\n<p><strong>Onar\u0131m ve Bak\u0131m:<\/strong> Zemin panellerinde meydana gelen hasarlar zamanla b\u00fcy\u00fcyebilir ve malzemenin dayan\u0131kl\u0131l\u0131\u011f\u0131n\u0131 azaltabilir. Bu nedenle, <strong>zemin panelleri<\/strong> d\u00fczenli olarak kontrol edilmeli ve hasarl\u0131 olanlar onar\u0131lmal\u0131 veya de\u011fi\u015ftirilmelidir.<\/p>\n<p><strong>Uygun Kullan\u0131m:<\/strong> Bu panellerinin uzun \u00f6m\u00fcrl\u00fc olmas\u0131 i\u00e7in uygun kullan\u0131m ko\u015fullar\u0131na uyulmas\u0131 gerekir. \u00d6zellikle a\u011f\u0131r y\u00fcklerin ta\u015f\u0131nd\u0131\u011f\u0131 end\u00fcstriyel alanlarda, zemin panelleri y\u00fcksek a\u011f\u0131rl\u0131k ta\u015f\u0131ma kapasitesine sahip olanlar se\u00e7ilmelidir. Ayr\u0131ca, zemin panellerine keskin ve a\u015f\u0131nd\u0131r\u0131c\u0131 malzemelerle temas edilmemeli, a\u015f\u0131r\u0131 y\u00fcklenmemeli ve s\u0131cak veya so\u011fuk s\u0131v\u0131lar d\u00f6k\u00fclmemelidir.<\/p>\n<p><strong>Zemin paneli se\u00e7erken nelere dikkat etmek gerekir?<\/strong><\/p>\n<p><strong>Kullan\u0131m Alan\u0131:<\/strong> Paneller, farkl\u0131 kullan\u0131m alanlar\u0131na uygun olarak \u00fcretilirler. \u00d6rne\u011fin, end\u00fcstriyel kullan\u0131m i\u00e7in a\u011f\u0131r y\u00fckler ta\u015f\u0131yabilen zemin panelleri, evlerde kullan\u0131lan dekoratif panellere g\u00f6re daha dayan\u0131kl\u0131 ve kal\u0131n olabilirler. Dolay\u0131s\u0131yla, kullan\u0131m amac\u0131na uygun zemin paneli se\u00e7imi \u00f6nemlidir.<\/p>\n<p><strong>Malzeme Kalitesi:<\/strong> <strong>Zemin panelleri<\/strong>, farkl\u0131 malzemelerden \u00fcretilirler. Ah\u015fap, PVC, beton, metal ve di\u011fer malzemeler aras\u0131ndan se\u00e7im yapabilirsiniz. Malzeme kalitesi, zemin panelinin dayan\u0131kl\u0131l\u0131\u011f\u0131 ve \u00f6mr\u00fc a\u00e7\u0131s\u0131ndan \u00f6nemlidir. Ucuz malzemeler, d\u00fc\u015f\u00fck mukavemet ve kolay a\u015f\u0131nma \u00f6zellikleri nedeniyle uzun vadede daha pahal\u0131ya mal olabilmektedir.<\/p>\n<p><strong>Dayan\u0131kl\u0131l\u0131k:<\/strong> Dayan\u0131kl\u0131l\u0131\u011f\u0131, kullan\u0131m alan\u0131na ve malzeme kalitesine ba\u011fl\u0131 olarak de\u011fi\u015febilmektedir. \u00d6zellikle end\u00fcstriyel kullan\u0131m i\u00e7in tasarlanm\u0131\u015f zemin panelleri, a\u011f\u0131r y\u00fckler ta\u015f\u0131yabilecek \u015fekilde \u00fcretilirler. Dayan\u0131kl\u0131l\u0131k, zemin panelinin uzun \u00f6m\u00fcrl\u00fc olmas\u0131n\u0131 sa\u011flar ve uzun vadede maliyetleri azalt\u0131r.<\/p>\n<p><strong>Estetik G\u00f6r\u00fcn\u00fcm:<\/strong> Zemin panellerinin estetik g\u00f6r\u00fcn\u00fcm\u00fc, \u00f6zellikle evlerde kullan\u0131ld\u0131\u011f\u0131nda \u00f6nemlidir. Ah\u015fap veya PVC zemin panelleri, dekoratif a\u00e7\u0131dan daha fazla se\u00e7enek sunarlar ve evinize uygun renk ve desen se\u00e7enekleri ile dekorasyonunuzu tamamlar.<\/p>\n<p><strong>Montaj Kolayl\u0131\u011f\u0131:<\/strong> Kolay ve h\u0131zl\u0131 bir \u015fekilde monte edilmelidir. Bu, montaj\u0131n h\u0131z\u0131n\u0131 ve maliyetlerini azalt\u0131r. Montaj i\u015flemi s\u0131ras\u0131nda, panellerin uygun \u015fekilde birle\u015ftirilmesi ve d\u00fczg\u00fcn bir \u015fekilde yerle\u015ftirilmesi gerekir.<\/p>\n<p><strong>Garanti:<\/strong> <strong>Zemin panelleri<\/strong> i\u00e7in garanti s\u00fcresi, malzeme kalitesi ve dayan\u0131kl\u0131l\u0131\u011f\u0131na ba\u011fl\u0131 olarak de\u011fi\u015febilmektedir. Daha uzun garanti s\u00fcreleri, zemin panelinin kalitesinin bir i\u015fareti olabilmektedir. Ayn\u0131 zamanda malzemenin uzun \u00f6m\u00fcrl\u00fc olaca\u011f\u0131n\u0131n bir garantisi olabilmektedir.<\/p>\n<p><strong>Zemin paneli uygulamas\u0131 i\u00e7in gereken malzemeler nelerdir?<\/strong><\/p>\n<p><strong>Zemin Panelleri:<\/strong> Zemin panelleri, uygulama i\u00e7in temel malzemelerdir. Ah\u015fap, PVC, beton, metal ve di\u011fer malzemelerden yap\u0131lan paneller aras\u0131ndan se\u00e7im yapabilirsiniz. Panellerin se\u00e7imi, kullan\u0131m amac\u0131na, dayan\u0131kl\u0131l\u0131\u011fa ve estetik g\u00f6r\u00fcn\u00fcme ba\u011fl\u0131 olarak de\u011fi\u015febilmektedir.<\/p>\n<p><strong>Yap\u0131\u015ft\u0131r\u0131c\u0131:<\/strong> Panellerini yerle\u015ftirmek i\u00e7in, yap\u0131\u015ft\u0131r\u0131c\u0131 kullanman\u0131z gerekir. Yap\u0131\u015ft\u0131r\u0131c\u0131, panellerin yerinde kalmas\u0131n\u0131 ve montaj s\u0131ras\u0131nda do\u011fru \u015fekilde yerle\u015ftirilmesini sa\u011flar. Yap\u0131\u015ft\u0131r\u0131c\u0131lar, panellerin malzeme t\u00fcr\u00fcne g\u00f6re se\u00e7ilmelidir.<\/p>\n<p><strong>Al\u00e7\u0131pan veya Lamine:<\/strong> Zemin panellerini yerle\u015ftirmeden \u00f6nce, zeminin haz\u0131rlanmas\u0131 gerekir. Bu nedenle, zemin panelleri alt\u0131na al\u00e7\u0131pan veya lamine yerle\u015ftirilmektedir. Bu malzemeler, zeminin d\u00fczg\u00fcn hale getirilmesine yard\u0131mc\u0131 olur ve panellerin montaj\u0131 i\u00e7in daha uygun bir y\u00fczey sa\u011flar.<\/p>\n<p><strong>Izolasyon Malzemesi:<\/strong> Zemin panelleri, \u0131s\u0131 ve ses yal\u0131t\u0131m\u0131 a\u00e7\u0131s\u0131ndan da \u00f6nemlidir. Bu nedenle, paneller alt\u0131na bir izolasyon malzemesi yerle\u015ftirmek, enerji tasarrufu sa\u011flayabilir ve ses yal\u0131t\u0131m\u0131n\u0131 art\u0131rabilir.<\/p>\n<p><strong>Z\u0131mba ve Vida:<\/strong> Paneller, baz\u0131 durumlarda z\u0131mbalar veya vidalar ile sabitlenebilmektedir. Z\u0131mba ve vidalar, panellerin yerinde kalmas\u0131n\u0131 ve montaj s\u0131ras\u0131nda do\u011fru \u015fekilde yerle\u015ftirilmesini sa\u011flar.<\/p>\n<p><strong>Test Cihazlar\u0131:<\/strong> Zemin panellerinin montaj\u0131 tamamland\u0131ktan sonra, zeminin d\u00fczg\u00fcn bir \u015fekilde yerle\u015ftirildi\u011finden emin olmak i\u00e7in test cihazlar\u0131 kullanman\u0131z gerekebilir. Bu cihazlar, zemin y\u00fczeyinin d\u00fczg\u00fcnl\u00fc\u011f\u00fcn\u00fc ve panellerin do\u011fru bir \u015fekilde yerle\u015ftirildi\u011fini kontrol etmenize yard\u0131mc\u0131 olabilir.<\/p>\n<p><strong>Zemin panelleri <\/strong>uygulamas\u0131, do\u011fru malzemelerin kullan\u0131m\u0131 ve uygun tekniklerin uygulanmas\u0131yla kolayl\u0131kla ger\u00e7ekle\u015ftirilebilir.<\/p>\n<p class=\" translation-block\">As <strong>Iceberg Muhendislik<\/strong>;<\/p>\n<p>So\u011fuk Oda Deposu kullan\u0131m alanlar\u0131na uygun olarak \u00fcretim tesisimizde<br \/>\n7 farkl\u0131 kal\u0131nl\u0131kta\u00a0<strong>Floor Panel\u00a0<\/strong>\u00fcretmektedir.<strong><br \/>\nSo\u011fuk Oda Depolar\u0131 Zemin Panelleri<\/strong>\u00a0\u00a0\u00fcretiminde kilit sistemi 80 mm itibaren ba\u015flamaktad\u0131r.<\/p>\n<p><strong>Technicial Specifications;<\/strong><\/p>\n<p>Our standard production is 10 mm thick on the upper surface, Plywood and the lower surface are interlocking panels with 42(-2) density polyurethane injected between galvanized sheet metal.<\/p>\n<p class=\" translation-block\"><strong>Floor Panels<\/strong> are produced in the same 7 different thicknesses as wall and ceiling panels.<\/p>\n<p>Although the panels have a load bearing capacity of 2000 Kg\/m2, they can also be used optionally by using non-slip CrNi or 200 micron and PVC coated sheet on plywood.<\/p>\n<p><img loading=\"lazy\" src=\"https:\/\/icebergmuhendislik.com\/wp-content\/uploads\/2021\/06\/ZEMIN-PANEL.jpg\" sizes=\"(max-width: 768px) 100vw, 768px\" srcset=\"https:\/\/icebergmuhendislik.com\/wp-content\/uploads\/2021\/06\/ZEMIN-PANEL.jpg 768w, https:\/\/icebergmuhendislik.com\/wp-content\/uploads\/2021\/06\/ZEMIN-PANEL-300x225.jpg 300w, https:\/\/icebergmuhendislik.com\/wp-content\/uploads\/2021\/06\/ZEMIN-PANEL-16x12.jpg 16w, https:\/\/icebergmuhendislik.com\/wp-content\/uploads\/2021\/06\/ZEMIN-PANEL-535x401.jpg 535w\" alt=\"\" width=\"768\" height=\"576\" \/><\/p>","protected":false},"excerpt":{"rendered":"<p>Zemin Paneli Nedir ve Ne \u0130\u015fe Yarar? Taban betonu yap\u0131m\u0131nda kullan\u0131lan zemin paneli, son y\u0131llarda in\u015faat sekt\u00f6r\u00fcnde s\u0131k\u00e7a tercih edilen bir malzeme haline geldi. Zemin panelleri, betonarme yap\u0131lar\u0131n temelindeki zemin d\u00fczle\u015ftirme i\u015fleminde kullan\u0131lan, genellikle ah\u015fap, beton veya \u00e7elik malzemeden \u00fcretilen panellere denir. Zemin panelleri, in\u015faat sekt\u00f6r\u00fcnde kullan\u0131m\u0131<\/p>","protected":false},"author":1,"featured_media":0,"parent":0,"menu_order":0,"comment_status":"closed","ping_status":"closed","template":"","meta":[],"_links":{"self":[{"href":"https:\/\/icebergmuhendislik.com\/en\/wp-json\/wp\/v2\/pages\/3292"}],"collection":[{"href":"https:\/\/icebergmuhendislik.com\/en\/wp-json\/wp\/v2\/pages"}],"about":[{"href":"https:\/\/icebergmuhendislik.com\/en\/wp-json\/wp\/v2\/types\/page"}],"author":[{"embeddable":true,"href":"https:\/\/icebergmuhendislik.com\/en\/wp-json\/wp\/v2\/users\/1"}],"replies":[{"embeddable":true,"href":"https:\/\/icebergmuhendislik.com\/en\/wp-json\/wp\/v2\/comments?post=3292"}],"version-history":[{"count":1,"href":"https:\/\/icebergmuhendislik.com\/en\/wp-json\/wp\/v2\/pages\/3292\/revisions"}],"predecessor-version":[{"id":3294,"href":"https:\/\/icebergmuhendislik.com\/en\/wp-json\/wp\/v2\/pages\/3292\/revisions\/3294"}],"wp:attachment":[{"href":"https:\/\/icebergmuhendislik.com\/en\/wp-json\/wp\/v2\/media?parent=3292"}],"curies":[{"name":"wp","href":"https:\/\/api.w.org\/{rel}","templated":true}]}}