{"id":2395,"date":"2021-06-06T12:38:32","date_gmt":"2021-06-06T09:38:32","guid":{"rendered":"http:\/\/icebergmuhendislik.com\/?page_id=2395"},"modified":"2022-08-08T13:22:16","modified_gmt":"2022-08-08T10:22:16","slug":"elementor-2395","status":"publish","type":"page","link":"https:\/\/icebergmuhendislik.com\/en\/elementor-2395\/","title":{"rendered":"Our references"},"content":{"rendered":"<div data-elementor-type=\"wp-page\" data-elementor-id=\"2395\" class=\"elementor elementor-2395\" data-elementor-settings=\"[]\">\n\t\t\t\t\t\t\t<div class=\"elementor-section-wrap\">\n\t\t\t\t\t\t\t<section class=\"elementor-section elementor-top-section elementor-element elementor-element-d6e1490 elementor-section-boxed elementor-section-height-default elementor-section-height-default\" data-id=\"d6e1490\" data-element_type=\"section\">\n\t\t\t\t\t\t<div class=\"elementor-container elementor-column-gap-default\">\n\t\t\t\t\t<div class=\"elementor-column elementor-col-100 elementor-top-column elementor-element elementor-element-d8d55f2\" data-id=\"d8d55f2\" data-element_type=\"column\">\n\t\t\t<div class=\"elementor-widget-wrap elementor-element-populated\">\n\t\t\t\t\t\t\t\t<div class=\"elementor-element elementor-element-69e00ec elementor-widget elementor-widget-heading\" data-id=\"69e00ec\" data-element_type=\"widget\" data-widget_type=\"heading.default\">\n\t\t\t\t<div class=\"elementor-widget-container\">\n\t\t\t<h1 class=\"elementor-heading-title elementor-size-default\">Our references<\/h1>\t\t<\/div>\n\t\t\t\t<\/div>\n\t\t\t\t<div class=\"elementor-element elementor-element-cc999d8 elementor-widget elementor-widget-image-gallery\" data-id=\"cc999d8\" data-element_type=\"widget\" data-widget_type=\"image-gallery.default\">\n\t\t\t\t<div class=\"elementor-widget-container\">\n\t\t\t\t\t<div class=\"elementor-image-gallery\">\n\t\t\t<div id='gallery-1' class='gallery galleryid-2395 gallery-columns-4 gallery-size-thumbnail'><figure class='gallery-item'>\n\t\t\t<div class='gallery-icon portrait'>\n\t\t\t\t<a data-elementor-open-lightbox=\"yes\" data-elementor-lightbox-slideshow=\"cc999d8\" data-elementor-lightbox-title=\"sultanahmetkofte\" href='https:\/\/icebergmuhendislik.com\/wp-content\/uploads\/2021\/06\/sultanahmetkofte.jpg'><img width=\"150\" height=\"150\" src=\"https:\/\/icebergmuhendislik.com\/wp-content\/uploads\/2021\/06\/sultanahmetkofte-150x150.jpg\" class=\"attachment-thumbnail size-thumbnail\" alt=\"\" loading=\"lazy\" aria-describedby=\"gallery-1-2286\" srcset=\"https:\/\/icebergmuhendislik.com\/wp-content\/uploads\/2021\/06\/sultanahmetkofte-150x150.jpg 150w, https:\/\/icebergmuhendislik.com\/wp-content\/uploads\/2021\/06\/sultanahmetkofte-140x140.jpg 140w, https:\/\/icebergmuhendislik.com\/wp-content\/uploads\/2021\/06\/sultanahmetkofte-100x100.jpg 100w\" sizes=\"(max-width: 150px) 100vw, 150px\" \/><\/a>\n\t\t\t<\/div>\n\t\t\t\t<figcaption class='wp-caption-text gallery-caption' id='gallery-1-2286'>\n\t\t\t\tSultanahmet K\u00f6ftecisi\n\t\t\t\t<\/figcaption><\/figure><figure class='gallery-item'>\n\t\t\t<div class='gallery-icon portrait'>\n\t\t\t\t<a data-elementor-open-lightbox=\"yes\" data-elementor-lightbox-slideshow=\"cc999d8\" data-elementor-lightbox-title=\"e-2\" href='https:\/\/icebergmuhendislik.com\/wp-content\/uploads\/2021\/06\/e-2.jpg'><img width=\"150\" height=\"150\" src=\"https:\/\/icebergmuhendislik.com\/wp-content\/uploads\/2021\/06\/e-2-150x150.jpg\" class=\"attachment-thumbnail size-thumbnail\" alt=\"\" loading=\"lazy\" aria-describedby=\"gallery-1-2242\" srcset=\"https:\/\/icebergmuhendislik.com\/wp-content\/uploads\/2021\/06\/e-2-150x150.jpg 150w, https:\/\/icebergmuhendislik.com\/wp-content\/uploads\/2021\/06\/e-2-140x140.jpg 140w, https:\/\/icebergmuhendislik.com\/wp-content\/uploads\/2021\/06\/e-2-100x100.jpg 100w\" sizes=\"(max-width: 150px) 100vw, 150px\" \/><\/a>\n\t\t\t<\/div>\n\t\t\t\t<figcaption class='wp-caption-text gallery-caption' id='gallery-1-2242'>\n\t\t\t\tKonyal\u0131m Etli Ekmek\n\t\t\t\t<\/figcaption><\/figure><figure class='gallery-item'>\n\t\t\t<div class='gallery-icon portrait'>\n\t\t\t\t<a data-elementor-open-lightbox=\"yes\" data-elementor-lightbox-slideshow=\"cc999d8\" data-elementor-lightbox-title=\"D-2\" href='https:\/\/icebergmuhendislik.com\/wp-content\/uploads\/2021\/06\/D-2.jpg'><img width=\"150\" height=\"150\" src=\"https:\/\/icebergmuhendislik.com\/wp-content\/uploads\/2021\/06\/D-2-150x150.jpg\" class=\"attachment-thumbnail size-thumbnail\" alt=\"\" loading=\"lazy\" aria-describedby=\"gallery-1-2236\" srcset=\"https:\/\/icebergmuhendislik.com\/wp-content\/uploads\/2021\/06\/D-2-150x150.jpg 150w, https:\/\/icebergmuhendislik.com\/wp-content\/uploads\/2021\/06\/D-2-140x140.jpg 140w, https:\/\/icebergmuhendislik.com\/wp-content\/uploads\/2021\/06\/D-2-100x100.jpg 100w\" sizes=\"(max-width: 150px) 100vw, 150px\" \/><\/a>\n\t\t\t<\/div>\n\t\t\t\t<figcaption class='wp-caption-text gallery-caption' id='gallery-1-2236'>\n\t\t\t\tK\u00fch-negel Lojistik\n\t\t\t\t<\/figcaption><\/figure><figure class='gallery-item'>\n\t\t\t<div class='gallery-icon portrait'>\n\t\t\t\t<a data-elementor-open-lightbox=\"yes\" data-elementor-lightbox-slideshow=\"cc999d8\" data-elementor-lightbox-title=\"24566651\" href='https:\/\/icebergmuhendislik.com\/wp-content\/uploads\/2021\/06\/24566651.jpg'><img width=\"150\" height=\"150\" src=\"https:\/\/icebergmuhendislik.com\/wp-content\/uploads\/2021\/06\/24566651-150x150.jpg\" class=\"attachment-thumbnail size-thumbnail\" alt=\"\" loading=\"lazy\" aria-describedby=\"gallery-1-2219\" srcset=\"https:\/\/icebergmuhendislik.com\/wp-content\/uploads\/2021\/06\/24566651-150x150.jpg 150w, https:\/\/icebergmuhendislik.com\/wp-content\/uploads\/2021\/06\/24566651-140x140.jpg 140w, https:\/\/icebergmuhendislik.com\/wp-content\/uploads\/2021\/06\/24566651-100x100.jpg 100w\" sizes=\"(max-width: 150px) 100vw, 150px\" \/><\/a>\n\t\t\t<\/div>\n\t\t\t\t<figcaption class='wp-caption-text gallery-caption' id='gallery-1-2219'>\n\t\t\t\tKonak Garden Cafe\n\t\t\t\t<\/figcaption><\/figure><figure class='gallery-item'>\n\t\t\t<div class='gallery-icon portrait'>\n\t\t\t\t<a data-elementor-open-lightbox=\"yes\" data-elementor-lightbox-slideshow=\"cc999d8\" data-elementor-lightbox-title=\"altun-market\" href='https:\/\/icebergmuhendislik.com\/wp-content\/uploads\/2021\/06\/altun-market.jpg'><img width=\"150\" height=\"150\" src=\"https:\/\/icebergmuhendislik.com\/wp-content\/uploads\/2021\/06\/altun-market-150x150.jpg\" class=\"attachment-thumbnail size-thumbnail\" alt=\"\" loading=\"lazy\" aria-describedby=\"gallery-1-2224\" srcset=\"https:\/\/icebergmuhendislik.com\/wp-content\/uploads\/2021\/06\/altun-market-150x150.jpg 150w, https:\/\/icebergmuhendislik.com\/wp-content\/uploads\/2021\/06\/altun-market-140x140.jpg 140w, https:\/\/icebergmuhendislik.com\/wp-content\/uploads\/2021\/06\/altun-market-100x100.jpg 100w\" sizes=\"(max-width: 150px) 100vw, 150px\" \/><\/a>\n\t\t\t<\/div>\n\t\t\t\t<figcaption class='wp-caption-text gallery-caption' id='gallery-1-2224'>\n\t\t\t\tAltun Hipermarketleri\n\t\t\t\t<\/figcaption><\/figure><figure class='gallery-item'>\n\t\t\t<div class='gallery-icon portrait'>\n\t\t\t\t<a data-elementor-open-lightbox=\"yes\" data-elementor-lightbox-slideshow=\"cc999d8\" data-elementor-lightbox-title=\"13\" href='https:\/\/icebergmuhendislik.com\/wp-content\/uploads\/2021\/06\/13.jpg'><img width=\"150\" height=\"150\" src=\"https:\/\/icebergmuhendislik.com\/wp-content\/uploads\/2021\/06\/13-150x150.jpg\" class=\"attachment-thumbnail size-thumbnail\" alt=\"\" loading=\"lazy\" aria-describedby=\"gallery-1-2217\" srcset=\"https:\/\/icebergmuhendislik.com\/wp-content\/uploads\/2021\/06\/13-150x150.jpg 150w, https:\/\/icebergmuhendislik.com\/wp-content\/uploads\/2021\/06\/13-140x140.jpg 140w, https:\/\/icebergmuhendislik.com\/wp-content\/uploads\/2021\/06\/13-100x100.jpg 100w\" sizes=\"(max-width: 150px) 100vw, 150px\" \/><\/a>\n\t\t\t<\/div>\n\t\t\t\t<figcaption class='wp-caption-text gallery-caption' id='gallery-1-2217'>\n\t\t\t\tMacro Center\n\t\t\t\t<\/figcaption><\/figure><figure class='gallery-item'>\n\t\t\t<div class='gallery-icon portrait'>\n\t\t\t\t<a data-elementor-open-lightbox=\"yes\" data-elementor-lightbox-slideshow=\"cc999d8\" data-elementor-lightbox-title=\"11\" href='https:\/\/icebergmuhendislik.com\/wp-content\/uploads\/2021\/06\/11.jpg'><img width=\"150\" height=\"150\" src=\"https:\/\/icebergmuhendislik.com\/wp-content\/uploads\/2021\/06\/11-150x150.jpg\" class=\"attachment-thumbnail size-thumbnail\" alt=\"\" loading=\"lazy\" aria-describedby=\"gallery-1-2215\" srcset=\"https:\/\/icebergmuhendislik.com\/wp-content\/uploads\/2021\/06\/11-150x150.jpg 150w, https:\/\/icebergmuhendislik.com\/wp-content\/uploads\/2021\/06\/11-140x140.jpg 140w, https:\/\/icebergmuhendislik.com\/wp-content\/uploads\/2021\/06\/11-100x100.jpg 100w\" sizes=\"(max-width: 150px) 100vw, 150px\" \/><\/a>\n\t\t\t<\/div>\n\t\t\t\t<figcaption class='wp-caption-text gallery-caption' id='gallery-1-2215'>\n\t\t\t\tLideret\n\t\t\t\t<\/figcaption><\/figure><figure class='gallery-item'>\n\t\t\t<div class='gallery-icon portrait'>\n\t\t\t\t<a data-elementor-open-lightbox=\"yes\" data-elementor-lightbox-slideshow=\"cc999d8\" data-elementor-lightbox-title=\"12\" href='https:\/\/icebergmuhendislik.com\/wp-content\/uploads\/2021\/06\/12.jpg'><img width=\"150\" height=\"150\" src=\"https:\/\/icebergmuhendislik.com\/wp-content\/uploads\/2021\/06\/12-150x150.jpg\" class=\"attachment-thumbnail size-thumbnail\" alt=\"\" loading=\"lazy\" aria-describedby=\"gallery-1-2216\" srcset=\"https:\/\/icebergmuhendislik.com\/wp-content\/uploads\/2021\/06\/12-150x150.jpg 150w, https:\/\/icebergmuhendislik.com\/wp-content\/uploads\/2021\/06\/12-140x140.jpg 140w, https:\/\/icebergmuhendislik.com\/wp-content\/uploads\/2021\/06\/12-100x100.jpg 100w\" sizes=\"(max-width: 150px) 100vw, 150px\" \/><\/a>\n\t\t\t<\/div>\n\t\t\t\t<figcaption class='wp-caption-text gallery-caption' id='gallery-1-2216'>\n\t\t\t\tTEO\n\t\t\t\t<\/figcaption><\/figure><figure class='gallery-item'>\n\t\t\t<div class='gallery-icon portrait'>\n\t\t\t\t<a data-elementor-open-lightbox=\"yes\" data-elementor-lightbox-slideshow=\"cc999d8\" data-elementor-lightbox-title=\"9\" href='https:\/\/icebergmuhendislik.com\/wp-content\/uploads\/2021\/06\/9.jpg'><img width=\"150\" height=\"150\" src=\"https:\/\/icebergmuhendislik.com\/wp-content\/uploads\/2021\/06\/9-150x150.jpg\" class=\"attachment-thumbnail size-thumbnail\" alt=\"\" loading=\"lazy\" aria-describedby=\"gallery-1-2213\" srcset=\"https:\/\/icebergmuhendislik.com\/wp-content\/uploads\/2021\/06\/9-150x150.jpg 150w, https:\/\/icebergmuhendislik.com\/wp-content\/uploads\/2021\/06\/9-140x140.jpg 140w, https:\/\/icebergmuhendislik.com\/wp-content\/uploads\/2021\/06\/9-100x100.jpg 100w\" sizes=\"(max-width: 150px) 100vw, 150px\" \/><\/a>\n\t\t\t<\/div>\n\t\t\t\t<figcaption class='wp-caption-text gallery-caption' id='gallery-1-2213'>\n\t\t\t\tDEO\n\t\t\t\t<\/figcaption><\/figure><figure class='gallery-item'>\n\t\t\t<div class='gallery-icon portrait'>\n\t\t\t\t<a data-elementor-open-lightbox=\"yes\" data-elementor-lightbox-slideshow=\"cc999d8\" data-elementor-lightbox-title=\"8\" href='https:\/\/icebergmuhendislik.com\/wp-content\/uploads\/2021\/06\/8.jpg'><img width=\"150\" height=\"150\" src=\"https:\/\/icebergmuhendislik.com\/wp-content\/uploads\/2021\/06\/8-150x150.jpg\" class=\"attachment-thumbnail size-thumbnail\" alt=\"\" loading=\"lazy\" aria-describedby=\"gallery-1-2212\" srcset=\"https:\/\/icebergmuhendislik.com\/wp-content\/uploads\/2021\/06\/8-150x150.jpg 150w, https:\/\/icebergmuhendislik.com\/wp-content\/uploads\/2021\/06\/8-140x140.jpg 140w, https:\/\/icebergmuhendislik.com\/wp-content\/uploads\/2021\/06\/8-100x100.jpg 100w\" sizes=\"(max-width: 150px) 100vw, 150px\" \/><\/a>\n\t\t\t<\/div>\n\t\t\t\t<figcaption class='wp-caption-text gallery-caption' id='gallery-1-2212'>\n\t\t\t\tBorsan\n\t\t\t\t<\/figcaption><\/figure><figure class='gallery-item'>\n\t\t\t<div class='gallery-icon portrait'>\n\t\t\t\t<a data-elementor-open-lightbox=\"yes\" data-elementor-lightbox-slideshow=\"cc999d8\" data-elementor-lightbox-title=\"3-1\" href='https:\/\/icebergmuhendislik.com\/wp-content\/uploads\/2021\/06\/3-1.jpg'><img width=\"150\" height=\"150\" src=\"https:\/\/icebergmuhendislik.com\/wp-content\/uploads\/2021\/06\/3-1-150x150.jpg\" class=\"attachment-thumbnail size-thumbnail\" alt=\"\" loading=\"lazy\" aria-describedby=\"gallery-1-2207\" srcset=\"https:\/\/icebergmuhendislik.com\/wp-content\/uploads\/2021\/06\/3-1-150x150.jpg 150w, https:\/\/icebergmuhendislik.com\/wp-content\/uploads\/2021\/06\/3-1-140x140.jpg 140w, https:\/\/icebergmuhendislik.com\/wp-content\/uploads\/2021\/06\/3-1-100x100.jpg 100w\" sizes=\"(max-width: 150px) 100vw, 150px\" \/><\/a>\n\t\t\t<\/div>\n\t\t\t\t<figcaption class='wp-caption-text gallery-caption' id='gallery-1-2207'>\n\t\t\t\tMigros\n\t\t\t\t<\/figcaption><\/figure><figure class='gallery-item'>\n\t\t\t<div class='gallery-icon portrait'>\n\t\t\t\t<a data-elementor-open-lightbox=\"yes\" data-elementor-lightbox-slideshow=\"cc999d8\" data-elementor-lightbox-title=\"2-1\" href='https:\/\/icebergmuhendislik.com\/wp-content\/uploads\/2021\/06\/2-1.jpg'><img width=\"150\" height=\"150\" src=\"https:\/\/icebergmuhendislik.com\/wp-content\/uploads\/2021\/06\/2-1-150x150.jpg\" class=\"attachment-thumbnail size-thumbnail\" alt=\"\" loading=\"lazy\" aria-describedby=\"gallery-1-2204\" srcset=\"https:\/\/icebergmuhendislik.com\/wp-content\/uploads\/2021\/06\/2-1-150x150.jpg 150w, https:\/\/icebergmuhendislik.com\/wp-content\/uploads\/2021\/06\/2-1-140x140.jpg 140w, https:\/\/icebergmuhendislik.com\/wp-content\/uploads\/2021\/06\/2-1-100x100.jpg 100w\" sizes=\"(max-width: 150px) 100vw, 150px\" \/><\/a>\n\t\t\t<\/div>\n\t\t\t\t<figcaption class='wp-caption-text gallery-caption' id='gallery-1-2204'>\n\t\t\t\tPrejtij Gold\n\t\t\t\t<\/figcaption><\/figure><figure class='gallery-item'>\n\t\t\t<div class='gallery-icon portrait'>\n\t\t\t\t<a data-elementor-open-lightbox=\"yes\" data-elementor-lightbox-slideshow=\"cc999d8\" data-elementor-lightbox-title=\"1-1\" href='https:\/\/icebergmuhendislik.com\/wp-content\/uploads\/2021\/06\/1-1.jpg'><img width=\"150\" height=\"150\" src=\"https:\/\/icebergmuhendislik.com\/wp-content\/uploads\/2021\/06\/1-1-150x150.jpg\" class=\"attachment-thumbnail size-thumbnail\" alt=\"\" loading=\"lazy\" aria-describedby=\"gallery-1-2202\" srcset=\"https:\/\/icebergmuhendislik.com\/wp-content\/uploads\/2021\/06\/1-1-150x150.jpg 150w, https:\/\/icebergmuhendislik.com\/wp-content\/uploads\/2021\/06\/1-1-140x140.jpg 140w, https:\/\/icebergmuhendislik.com\/wp-content\/uploads\/2021\/06\/1-1-100x100.jpg 100w\" sizes=\"(max-width: 150px) 100vw, 150px\" \/><\/a>\n\t\t\t<\/div>\n\t\t\t\t<figcaption class='wp-caption-text gallery-caption' id='gallery-1-2202'>\n\t\t\t\tPi\u015fkin Market\n\t\t\t\t<\/figcaption><\/figure><figure class='gallery-item'>\n\t\t\t<div class='gallery-icon portrait'>\n\t\t\t\t<a data-elementor-open-lightbox=\"yes\" data-elementor-lightbox-slideshow=\"cc999d8\" data-elementor-lightbox-title=\"1\" href='https:\/\/icebergmuhendislik.com\/wp-content\/uploads\/2021\/06\/1.jpg'><img width=\"150\" height=\"150\" src=\"https:\/\/icebergmuhendislik.com\/wp-content\/uploads\/2021\/06\/1-150x150.jpg\" class=\"attachment-thumbnail size-thumbnail\" alt=\"\" loading=\"lazy\" aria-describedby=\"gallery-1-2201\" srcset=\"https:\/\/icebergmuhendislik.com\/wp-content\/uploads\/2021\/06\/1-150x150.jpg 150w, https:\/\/icebergmuhendislik.com\/wp-content\/uploads\/2021\/06\/1-140x140.jpg 140w, https:\/\/icebergmuhendislik.com\/wp-content\/uploads\/2021\/06\/1-100x100.jpg 100w\" sizes=\"(max-width: 150px) 100vw, 150px\" \/><\/a>\n\t\t\t<\/div>\n\t\t\t\t<figcaption class='wp-caption-text gallery-caption' id='gallery-1-2201'>\n\t\t\t\tSultanahmet Et\n\t\t\t\t<\/figcaption><\/figure><figure class='gallery-item'>\n\t\t\t<div class='gallery-icon landscape'>\n\t\t\t\t<a data-elementor-open-lightbox=\"yes\" data-elementor-lightbox-slideshow=\"cc999d8\" data-elementor-lightbox-title=\"tar\u0131m kredi kooperatifleri\" href='https:\/\/icebergmuhendislik.com\/wp-content\/uploads\/2022\/08\/tarim-kredi-kooperatifleri.png'><img width=\"150\" height=\"150\" src=\"https:\/\/icebergmuhendislik.com\/wp-content\/uploads\/2022\/08\/tarim-kredi-kooperatifleri-150x150.png\" class=\"attachment-thumbnail size-thumbnail\" alt=\"\" loading=\"lazy\" aria-describedby=\"gallery-1-3097\" srcset=\"https:\/\/icebergmuhendislik.com\/wp-content\/uploads\/2022\/08\/tarim-kredi-kooperatifleri-150x150.png 150w, https:\/\/icebergmuhendislik.com\/wp-content\/uploads\/2022\/08\/tarim-kredi-kooperatifleri-12x12.png 12w, https:\/\/icebergmuhendislik.com\/wp-content\/uploads\/2022\/08\/tarim-kredi-kooperatifleri-140x140.png 140w, https:\/\/icebergmuhendislik.com\/wp-content\/uploads\/2022\/08\/tarim-kredi-kooperatifleri-100x100.png 100w, https:\/\/icebergmuhendislik.com\/wp-content\/uploads\/2022\/08\/tarim-kredi-kooperatifleri.png 225w\" sizes=\"(max-width: 150px) 100vw, 150px\" \/><\/a>\n\t\t\t<\/div>\n\t\t\t\t<figcaption class='wp-caption-text gallery-caption' id='gallery-1-3097'>\n\t\t\t\tTar\u0131m Kredi Kooperatifleri\n\t\t\t\t<\/figcaption><\/figure>\n\t\t<\/div>\n\t\t<\/div>\n\t\t\t\t<\/div>\n\t\t\t\t<\/div>\n\t\t\t\t\t<\/div>\n\t\t<\/div>\n\t\t\t\t\t\t\t<\/div>\n\t\t<\/section>\n\t\t\t\t\t\t<\/div>\n\t\t\t\t\t<\/div>","protected":false},"excerpt":{"rendered":"<p>Referanslar\u0131m\u0131z Sultanahmet K\u00f6ftecisi Konyal\u0131m Etli Ekmek K\u00fch-negel Lojistik Konak Garden Cafe Altun Hipermarketleri Macro Center Lideret TEO DEO Borsan Migros Prejtij Gold Pi\u015fkin Market Sultanahmet Et Tar\u0131m Kredi Kooperatifleri<\/p>","protected":false},"author":1,"featured_media":0,"parent":0,"menu_order":0,"comment_status":"closed","ping_status":"closed","template":"","meta":[],"_links":{"self":[{"href":"https:\/\/icebergmuhendislik.com\/en\/wp-json\/wp\/v2\/pages\/2395"}],"collection":[{"href":"https:\/\/icebergmuhendislik.com\/en\/wp-json\/wp\/v2\/pages"}],"about":[{"href":"https:\/\/icebergmuhendislik.com\/en\/wp-json\/wp\/v2\/types\/page"}],"author":[{"embeddable":true,"href":"https:\/\/icebergmuhendislik.com\/en\/wp-json\/wp\/v2\/users\/1"}],"replies":[{"embeddable":true,"href":"https:\/\/icebergmuhendislik.com\/en\/wp-json\/wp\/v2\/comments?post=2395"}],"version-history":[{"count":4,"href":"https:\/\/icebergmuhendislik.com\/en\/wp-json\/wp\/v2\/pages\/2395\/revisions"}],"predecessor-version":[{"id":3101,"href":"https:\/\/icebergmuhendislik.com\/en\/wp-json\/wp\/v2\/pages\/2395\/revisions\/3101"}],"wp:attachment":[{"href":"https:\/\/icebergmuhendislik.com\/en\/wp-json\/wp\/v2\/media?parent=2395"}],"curies":[{"name":"wp","href":"https:\/\/api.w.org\/{rel}","templated":true}]}}