{"id":3202,"date":"2023-03-18T22:22:31","date_gmt":"2023-03-18T19:22:31","guid":{"rendered":"http:\/\/icebergmuhendislik.com\/?page_id=3202"},"modified":"2023-03-19T10:11:00","modified_gmt":"2023-03-19T07:11:00","slug":"konteyner-fiyatlari-ve-modelleri-nelerdir","status":"publish","type":"page","link":"https:\/\/icebergmuhendislik.com\/ar\/konteyner-fiyatlari-ve-modelleri-nelerdir\/","title":{"rendered":"Konteyner Fiyatlar\u0131 ve Modelleri Nelerdir?"},"content":{"rendered":"<h1>Konteyner<\/h1>\n<p>Son senelerde yayg\u0131nl\u0131\u011f\u0131 artan ve giderek daha da pop\u00fcler hale gelen <strong>konteyner evler <\/strong>bir\u00e7ok avantaja sahiptir. Bu y\u00fczden tercih edenlere \u00e7ok cazip gelmektedirler. Konteyner evleri bu kadar \u00e7ok g\u00fcndeme getiren \u015feylerin ba\u015f\u0131nda di\u011fer yap\u0131 t\u00fcrlerine k\u0131yasla hem daha g\u00fcvenilir hem de daha uygun olmas\u0131d\u0131r.<br \/>\nOlduk\u00e7a fonksiyonel bir kullan\u0131ma da sahip olan konteyner evlerin avantajlar\u0131 saymakla bitmeyecek kadar fazlad\u0131r. Hayalinizdeki konfora sizi ekonomik bir fiyattan kavu\u015fturacak olan bu evlerin \u00f6zelliklerini, size sa\u011flayaca\u011f\u0131 faydalar\u0131 ve bu evlerin \u00e7e\u015fitlerini bu ba\u015fl\u0131k alt\u0131nda sizin i\u00e7in bir araya getirdik.<\/p>\n<blockquote><p><img loading=\"lazy\" class=\"size-medium wp-image-3205 aligncenter\" src=\"http:\/\/icebergmuhendislik.com\/wp-content\/uploads\/2023\/03\/konteyner-fiyatlari-ve-modelleri-nelerdir-300x221.jpeg\" alt=\"Konteyner Fiyatlar\u0131 ve Modelleri Nelerdir?\" width=\"300\" height=\"221\" srcset=\"https:\/\/icebergmuhendislik.com\/wp-content\/uploads\/2023\/03\/konteyner-fiyatlari-ve-modelleri-nelerdir-300x221.jpeg 300w, https:\/\/icebergmuhendislik.com\/wp-content\/uploads\/2023\/03\/konteyner-fiyatlari-ve-modelleri-nelerdir-1024x753.jpeg 1024w, https:\/\/icebergmuhendislik.com\/wp-content\/uploads\/2023\/03\/konteyner-fiyatlari-ve-modelleri-nelerdir-768x565.jpeg 768w, https:\/\/icebergmuhendislik.com\/wp-content\/uploads\/2023\/03\/konteyner-fiyatlari-ve-modelleri-nelerdir-16x12.jpeg 16w, https:\/\/icebergmuhendislik.com\/wp-content\/uploads\/2023\/03\/konteyner-fiyatlari-ve-modelleri-nelerdir-535x393.jpeg 535w, https:\/\/icebergmuhendislik.com\/wp-content\/uploads\/2023\/03\/konteyner-fiyatlari-ve-modelleri-nelerdir.jpeg 1028w\" sizes=\"(max-width: 300px) 100vw, 300px\" \/><\/p><\/blockquote>\n<h2>Konteyner Evlerin Sa\u011flad\u0131\u011f\u0131 Avantajlar<\/h2>\n<p><strong>Konteyner evlerin sahip oldu\u011fu avantajlar <\/strong>s\u0131ralanacak olursak bunlar:<\/p>\n<h2>Uygun Fiyat Aral\u0131\u011f\u0131<\/h2>\n<p>D\u00fcnya geneline bakt\u0131\u011f\u0131m\u0131z zaman konteyner evlere olan talep giderek artmaktad\u0131r. Bunun en \u00f6nemli sebebi bu evlerin maliyetinin d\u00fc\u015f\u00fck olmas\u0131d\u0131r. Di\u011fer bar\u0131nma se\u00e7enekleri ile k\u0131yasland\u0131\u011f\u0131nda konteyner evler \u00e7ok daha uygun bir fiyattan edinilmektedir. \u00d6zellikle giderek artan enflasyon kar\u015f\u0131s\u0131nda bu evler <strong>her b\u00fct\u00e7eye hitap edecek se\u00e7enekler<\/strong> sunup m\u00fc\u015fteri memnuniyetini de sa\u011fl\u0131yor.<\/p>\n<h3>K\u0131sa Zamanda Kolay Kurulum<\/h3>\n<p>Konteyner evler uzun s\u00fcren bir in\u015faat s\u00fcreci i\u00e7ermedi\u011finden talep edenler taraf\u0131ndan \u00e7ok avantajl\u0131 bulunmaktad\u0131r. Haz\u0131r yap\u0131 s\u0131n\u0131f\u0131nda bulunan konteyner evler \u00e7ok k\u0131sa bir zaman diliminde haz\u0131rlan\u0131p kurulur. Arsan\u0131z \u00fczerine bu evler kolay bir \u015fekilde yerle\u015ftirilir ve di\u011fer detaylar\u0131 da tamamlanarak k\u0131sa s\u00fcrede kullan\u0131ma haz\u0131r hale getirilir.<\/p>\n<h3>Mod\u00fcler Kullan\u0131m Olana\u011f\u0131<\/h3>\n<p>Konteyner evlerin bilinen en temel \u00f6zelli\u011finden biri de mod\u00fcler olu\u015fudur. Portatif olan bu evleri istedi\u011finiz her yere kolayl\u0131kla ta\u015f\u0131yabilirsiniz. Ayr\u0131ca bu pratik yap\u0131lar\u0131n mod\u00fcler olu\u015fu tasar\u0131mlar\u0131n\u0131n da \u00f6zg\u00fcrce d\u00fczenlenebilmesine olanak sa\u011fl\u0131yor. Evin her alan\u0131nda al\u0131\u015fkanl\u0131k ve ihtiyaca uygun pratik de\u011fi\u015fiklikler yap\u0131labilir. Yine zamanla bu evlere ek ilave yap\u0131l\u0131p kullan\u0131m olan\u0131n\u0131n b\u00fcy\u00fct\u00fclebilmesi <strong>konteyner evlerin \u00f6zellikleri <\/strong>ve avantajlar\u0131ndand\u0131r.<\/p>\n<h3>Do\u011fa \u0130le \u0130\u00e7 \u0130\u00e7e Bir Ya\u015fam<\/h3>\n<p>\u015eehir hayat\u0131n\u0131n karma\u015fas\u0131ndan ve beton binalardan b\u0131k\u0131p daha do\u011fa ile i\u00e7 i\u00e7e bir ya\u015fam isteyenler i\u00e7in konteyner evler ikamesi olmayan bir se\u00e7enektir. Bu evleri kendi bah\u00e7enizin \u00fczerine kurup do\u011faya geri d\u00f6n\u00fc\u015f yapabilirsiniz. Son derece ferah ve ya\u015fam kalitenizi de y\u00fckseltecek olan bu konteynerlar sayesinde bah\u00e7eli bir eve kavu\u015facaks\u0131n\u0131z.<\/p>\n<h3>\u0130yi Bir \u0130zolasyon<\/h3>\n<p><strong>Konteyner evlerde serinleme ve \u0131s\u0131nma imkan\u0131<\/strong> di\u011fer yap\u0131lara k\u0131yasla \u00e7ok daha ba\u015far\u0131l\u0131 ve \u00e7ok daha verimlidir. Hem \u0131s\u0131 hem de ses izolasyonu olduk\u00e7a y\u00fcksek seviyededir. Bu durum da yap\u0131y\u0131 daha tasarruflu \u00a0konforlu bir se\u00e7enek h\u00e2line d\u00f6n\u00fc\u015ft\u00fcrmektedir.<\/p>\n<h3>Zaman \u0130\u00e7inde Geni\u015fleyebilme \u00d6zelli\u011fi<\/h3>\n<p>Konteyner evleri istedi\u011finiz zaman geni\u015fletebilirsiniz. \u00dcstelik bu se\u00e7enek \u00e7ok pratiktir ve d\u00fc\u015f\u00fck bir maliyet ile geni\u015fletme i\u015flemi yap\u0131labilir. Ek bir alan olu\u015fturabilme konteyner\u0131 \u00e7ok daha fonksiyonel bir duruma getirmektedir.<\/p>\n<h3>Deprem Kar\u015f\u0131s\u0131nda Y\u00fcksek Bir Dayan\u0131kl\u0131l\u0131k<\/h3>\n<p>Konteyner evler \u00e7ok daha <strong>g\u00fcvenli bir ya\u015fam alan\u0131 <\/strong>sunmaktad\u0131r. Bu y\u00fczden modern d\u00fcnyada bu evler \u00e7ok s\u0131k tercih edilir. Teknik ve bilimsel bulgular konteynerlar\u0131n di\u011fer yap\u0131 t\u00fcrlerine k\u0131yasla deprem konusunda daha dayan\u0131kl\u0131 oldu\u011funu g\u00f6stermi\u015ftir. Bu evlerin \u00e7ok hafif bir yap\u0131da olmas\u0131\u00a0 depremin olu\u015fturaca\u011f\u0131 riskleri en az seviyeye indiriyor.<\/p>\n<h3>Teras ve Balkon \u0130mkan\u0131<\/h3>\n<p>Bir konteyner evde \u00e7at\u0131 fonksiyonel bir se\u00e7enek olarak kullan\u0131labilir. \u00d6zellikle \u00e7at\u0131 kat\u0131n\u0131 seviyorsan\u0131z bu bar\u0131nma stili tam size g\u00f6re diyebiliriz. Konteyner evler size \u00e7at\u0131 ve teras se\u00e7ene\u011fi sunmaktad\u0131r. Her iki stile uygun <strong>i\u015flevsel konteyner modelleri<\/strong> bulman\u0131z m\u00fcmk\u00fcnd\u00fcr.<\/p>\n<h3>Ki\u015fiselle\u015ftirebilme \u0130mkan\u0131<\/h3>\n<p>Konteyner evler tasar\u0131m s\u0131ras\u0131nda \u00f6zelle\u015ftirmeye olduk\u00e7a elveri\u015flidir. \u00d6zellikle kullan\u0131lacak mobilyalar, mutfak alan\u0131, banyo, kap\u0131lar ve pencereler kullan\u0131m ihtiyac\u0131na uygun olarak yeniden boyutland\u0131r\u0131l\u0131p, i\u015flevsel bir eve d\u00f6n\u00fc\u015ft\u00fcr\u00fclebilir. B\u00f6ylece gereksiz alanlardan tasarruf edip daha fazla yer a\u00e7abilirsiniz.<\/p>\n<h3>\u00c7evre Dostu Bir Ev Se\u00e7ene\u011fi<\/h3>\n<p>Modern d\u00fcnya ile birlikte \u00e7evre sorunlar\u0131 s\u00fcrekli g\u00fcndeme gelirken ya\u015fam\u0131n her alan\u0131nda \u00e7evre dostu kullan\u0131m se\u00e7eneklerini tercih etmek de daha \u00f6nemli bir hale geliyor. Konteyner evler bu anlamda <strong>\u00e7evre dostu ya\u015fam alan\u0131 <\/strong>say\u0131labilir. \u00d6zellikle \u00fcretimde kullan\u0131lan materyaller ile \u0131s\u0131 yal\u0131t\u0131m \u00f6zelli\u011fi konteyner evlerin \u00e7evre dostu \u00f6zelli\u011fini g\u00fc\u00e7lendiriyor.<\/p>\n<h2>Konteyner Ev Modelleri<\/h2>\n<p><strong>Konteyner ev modelleri <\/strong>konusunda bir\u00e7ok se\u00e7enek mevcuttur. Ba\u011f, bah\u00e7e veya tarlan\u0131zda konteyner evler sayesinde rahat\u00e7a ya\u015fayabilirsiniz. Bu konteynerlar size s\u0131cak bir ya\u015fam alan\u0131 sunar. Evinizde ihtiya\u00e7 duyaca\u011f\u0131n\u0131z banyo, tuvalet, yatak odas\u0131 ve mutfak gibi t\u00fcm alanlara bu konteynerler sayesinde en konforlu \u015fekilde kavu\u015fabilirsiniz.<\/p>\n<p>Konteyner evler ile beklenilenin \u00fczerinde ev ortamlar\u0131 tasarlanabilmektedir. <strong>Konteyner ev \u00e7e\u015fitleri <\/strong>tek katl\u0131 evler, \u00e7ift katl\u0131 evler, terasl\u0131, \u00e7at\u0131l\u0131, verandal\u0131 konteyner evler olarak say\u0131labilir. Bu evlerin en g\u00fczel \u00f6zelli\u011fi istedi\u011finizde ba\u015fka bir yere ta\u015f\u0131yabilme imkan\u0131n\u0131zd\u0131r.<\/p>\n<p>Yukar\u0131da sayd\u0131\u011f\u0131m\u0131z konteynerlar i\u00e7inde elektrik ve su tesisat\u0131, pis su gideri daima \u00fczerinde haz\u0131r bulunur. Her y\u00f6nden konfor sunacak bu konaklama se\u00e7ene\u011finin ikamesiz oldu\u011funu s\u00f6yleyebiliriz. \u00d6zellikle do\u011fal afetler s\u00f6z konusu oldu\u011funda bu evler \u00e7ok kurtar\u0131c\u0131 ve g\u00fcvenli olmaktad\u0131r. T\u00fcm bu \u00f6zelliklere sahip konteynerlar olduk\u00e7a uygun fiyatlara da sahip oldu\u011fundan g\u00fcn\u00fcm\u00fczde giderek pop\u00fcler hale gelmektedir. A\u015fa\u011f\u0131da belli ba\u015fl\u0131 <strong>konteyner modelleri <\/strong>sizin i\u00e7in bir araya getirildi:<\/p>\n<h3>WC Du\u015f Konteynerlar<\/h3>\n<p><strong>WC du\u015f konteyner <\/strong>ge\u00e7ici olarak bir lokasyonda du\u015f ve tuvalet ihtiyac\u0131n\u0131n giderilmesi amac\u0131yla kullan\u0131lan konteyner \u00e7e\u015fitidir. Bu konteyner t\u00fcr\u00fc park, \u015fantiye, meydan, konser veya festival gibi etkinlik alanlar\u0131nda pratik bir \u00e7\u00f6z\u00fcm olmak \u00fczere t\u00fcm \u00f6zel veya kamu kurum ve kurulu\u015flar\u0131 taraf\u0131ndan tercih edilir.<\/p>\n<p>\u0130ste\u011fe g\u00f6re yaln\u0131zca tuvalet, yaln\u0131zca du\u015f veya du\u015f ve tuvalet bir arada olmak \u00fczere \u00fcretilen WC-Du\u015f konteynerlar\u0131 ayd\u0131nlatma armat\u00fcr\u00fc, temiz su ve at\u0131k su tesisat\u0131, elektrik tesisat sistemi, tuvalet yer ta\u015f\u0131 ve klozeti, su giderleri ile du\u015f teknesi kullan\u0131ma haz\u0131r olmak \u00fczere \u00fcretilmektedir.<\/p>\n<h3>\u015eantiye Konteyner \u00c7e\u015fitleri<\/h3>\n<p><strong>\u015eantiye konteyneri<\/strong> baraj, maden, bina, yol yap\u0131m\u0131 gibi t\u00fcrl\u00fc \u015fantiyelerde in\u015faat boyunca \u015fantiye \u00e7al\u0131\u015fanlar\u0131 taraf\u0131ndan ge\u00e7ici bar\u0131nma ihtiyac\u0131 i\u00e7in kullan\u0131lmas\u0131 amac\u0131yla \u00fcretilen, \u015fantiyenin zor \u015fartlar\u0131na kar\u015f\u0131 dayan\u0131kl\u0131 olan bir konteyner \u00e7e\u015fitidir. S\u00f6z konusu \u015fantiyelerde yemekhane, \u00e7al\u0131\u015fma ofisi, yatakhane, \u00e7ama\u015f\u0131rhane, mutfak gibi pek \u00e7ok farkl\u0131 i\u015flev i\u00e7in kullan\u0131lan \u015fantiye konteynerlar\u0131 in\u015faat firmalar\u0131nca \u00e7ok s\u0131k tercih edilir.<\/p>\n<p>\u00dcretilen bu \u015fantiye konteynerlar\u0131 ayd\u0131nlatma armat\u00fcr\u00fc, elektrik tesisat sistemi, iste\u011fe uygun planlanan mutfak alan\u0131 ve mutfak tezgah\u0131, su tesisat\u0131 gibi her t\u00fcrl\u00fc temel ihtiyaca uygun, kullan\u0131ma haz\u0131r bir \u015fekilde \u00fcretilmektedir.<\/p>\n<p>\u015eantiye konteyner \u00fcr\u00fcnlerini \u00f6rneklendirecek olursak bunlar:<\/p>\n<ul>\n<li>\u0130\u015f\u00e7i kamplar\u0131<\/li>\n<li>M\u00fchendis ya\u015fam konteyneri<\/li>\n<li>Personel yatakhanesi<\/li>\n<li>Personel yemekhanesi<\/li>\n<li>Toplant\u0131 ofisi<\/li>\n<li>\u015eantiye \u00e7al\u0131\u015fma ofisi<\/li>\n<li>\u0130badethane alan\u0131<\/li>\n<\/ul>\n<h3>Bek\u00e7i G\u00fcvenlik Konteyner \u00c7e\u015fitleri<\/h3>\n<p><strong>Bek\u00e7i g\u00fcvenlik konteyneri <\/strong>plaza, site, otel, villa, okul, avm, adliye, fabrika, tesis gibi binalar\u0131n g\u00fcvenlik ihtiyac\u0131 kar\u015f\u0131lans\u0131n diye bina \u00e7evresine, bina giri\u015fine ve belirlenen di\u011fer gerekli alanlara konularak g\u00fcvenlik g\u00f6revlileri taraf\u0131ndan kullan\u0131lan mini konteyner t\u00fcr\u00fcd\u00fcr.<\/p>\n<p>\u00dcretilen bu g\u00fcvenlik bek\u00e7i konteynerlar\u0131 gerekli su tesisat\u0131 ve ayd\u0131nlatma armat\u00fcr\u00fc ile kullan\u0131ma haz\u0131r bir \u015fekilde teslim edilmektedir. Talep durumunda bu sisteme kamera ve klima da eklenebilir.<\/p>\n<p>\u00dcretilen bek\u00e7i g\u00fcvenlik konteyner \u00e7e\u015fitleri \u00f6rneklendirilecek olursa bunlar:<\/p>\n<ul>\n<li>Vale kabini<\/li>\n<li>Bek\u00e7i kabini\/ Bek\u00e7i kul\u00fcbesi<\/li>\n<li>Kar\u015f\u0131lama ofisi<\/li>\n<li>G\u00fcvenlik noktas\u0131<\/li>\n<\/ul>\n<h3>Cafe B\u00fcfe Konternerlar\u0131<\/h3>\n<p><strong>Cafe b\u00fcfe konteyner modeli <\/strong>yiyecek i\u00e7ecek sat\u0131\u015f\u0131 i\u00e7in kullan\u0131lan bir se\u00e7enektir. Bu konteyner modeli parklarda, al\u0131\u015fveri\u015f merkezlerinde, konser ve festival gibi etkinlik alanlar\u0131nda, meydanlarda, benzin istasyonlar\u0131nda olduk\u00e7a pratik bir \u00e7\u00f6z\u00fcm se\u00e7ene\u011fi olarak tercih edilir.<\/p>\n<p>Cafe b\u00fcfe konteyner modeli su ce elektrik tesisat sistemi \u00e7ekilmi\u015f bir \u015fekilde, kullan\u0131ma haz\u0131r bo\u015f bir d\u00fckkan olarak teslim edilir.<\/p>\n<p>Cafe B\u00fcfe Konteyner Olarak \u00dcretilen Konteyner \u00c7e\u015fitleri<\/p>\n<ul>\n<li>B\u00fcfe Kabini<\/li>\n<li>Cafe Konteyner<\/li>\n<li>Avm Kiosk<\/li>\n<li>Event\/ Festival Kiosk<\/li>\n<li>Fast Food Kiosk<\/li>\n<\/ul>\n<h3>Metropol Konteyner Modeli<\/h3>\n<p><strong>Metropol konteyner modeli <\/strong>g\u00f6r\u00fcn\u00fc\u015fte standart konteyner modellerinden \u00e7ok daha estetik, \u015fehir dokusuna \u00e7ok daha uyumlu bir konteyner \u00e7e\u015fitidir. Bu konteyner modeli; g\u00fcvenlik kul\u00fcbesi, sat\u0131\u015f ofisi, taksi dura\u011f\u0131, gazete bayi, \u00e7al\u0131\u015fma ofisi, bilet sat\u0131\u015f noktas\u0131 vb \u00e7e\u015fitli alanlarda modern g\u00f6r\u00fcn\u00fcm\u00fc ile tercih edilmektedir.<\/p>\n<p>Bu konteyner modeli, metal bir karkas yap\u0131 \u00fczerine istek do\u011frultusunda betopan, alikobant, aliminyum kompozit, yal\u0131pan, ta\u015fonit, siding ve fibercement se\u00e7enekleri ile birlikte modern ve bulundu\u011fu alana de\u011fer katan bir yap\u0131da m\u00fc\u015fterilerin kullan\u0131m\u0131na haz\u0131r bir \u015fekilde teslim edilir.<\/p>\n<h3>Ya\u015fam Konteyneri<\/h3>\n<p><strong>Ya\u015fam konteyneri <\/strong>acilen kapal\u0131 alan ihtiyac\u0131 do\u011fdu\u011funda tercih edilen bir mod\u00fcler yap\u0131d\u0131r. Bu konteyner modeli temel gerektirmez ve d\u00fcz bir alan \u00fczerine konulmas\u0131 yeterlidir. Bu konteyner modeline platform veya merdiven eklenip 2 ya da 3 katk\u0131 hale getirilebilir. Tek bir konteyner i\u00e7inde ya\u015fanmas\u0131 m\u00fcmk\u00fcnken birle\u015ftirilip daha da geni\u015f bir ya\u015fam alan\u0131 da \u00fcretilebilir.<\/p>\n<p>Ya\u015fam konteynerine kullan\u0131lacak b\u00f6lge iklimine uygun bir yal\u0131t\u0131m izolasyon sistemi uygulan\u0131p s\u0131cak, so\u011fuk, kar ve ya\u011fmura dayan\u0131kl\u0131 hale getirilebilir. Bu konteyner modelinin d\u0131\u015f g\u00f6vdesine betopan, kompozit gibi \u00e7e\u015fitli kaplama malzemeleri uygulanabilir ve b\u00f6ylece estetik ve modern bir g\u00f6r\u00fcn\u00fcm elde edilebilir.<\/p>\n<p><strong>Ya\u015fam konteyner modeli <\/strong>akl\u0131n\u0131za gelebilecek her alanda rahatl\u0131kla kullan\u0131labilir. \u0130\u015flevsel hale getirilebilme \u00f6zelli\u011fine sahip bu konteyner modelinin kullan\u0131m alanlar\u0131na \u00f6rnek verecek olursak bunlar:<\/p>\n<ul>\n<li>Ev<\/li>\n<li>Ofis<\/li>\n<li>Villa<\/li>\n<li>Yazl\u0131k<\/li>\n<li>Otel<\/li>\n<li>Konutlar<\/li>\n<li>Ba\u011f bah\u00e7e evleri<\/li>\n<li>E\u011fitim Merkezi<\/li>\n<li>Kamp binalar\u0131<\/li>\n<li>Sa\u011fl\u0131k Merkezi<\/li>\n<li>Acil bar\u0131nma yap\u0131lar\u0131<\/li>\n<li>\u015eantiye yap\u0131lar\u0131<\/li>\n<li>M\u00fclteci konutlar\u0131<\/li>\n<li>Deprem ve di\u011fer afet konutlar\u0131 olarak kullan\u0131labilir.<\/li>\n<\/ul>\n<h3>\u00d6zel \u00dcretim Konteyner Modeli<\/h3>\n<p><strong>\u00d6zel \u00fcretim konteyner modeli <\/strong>m\u00fc\u015fterilerim talebi do\u011frultusunda istenilen \u00f6l\u00e7\u00fcde, planda ve g\u00f6r\u00fcn\u00fcmde \u00fcretilebilen standart d\u0131\u015f\u0131 bir konteyner \u00e7e\u015fididir. Reklam ajanslar\u0131, m\u00fchendislik firmalar\u0131, festival fuar etkinlik gibi organizasyon firmalar\u0131, yap\u0131 proje firmalar\u0131, mimarl\u0131k ofisleri gibi \u00e7e\u015fitli sekt\u00f6rlerde firmalar, projeleri i\u00e7in konteyner ihtiyac\u0131 duydu\u011funda bu gereksinimi standart d\u0131\u015f\u0131 \u00fcretilen \u00f6zel tasar\u0131m konteyn\u0131rlar ile profesyonelce kar\u015f\u0131layabilir.<\/p>\n<p>\u00dcretilen <strong>\u00f6zel tasar\u0131m konteynerler <\/strong>i\u00e7in proje ihtiyac\u0131na uygun opsiyonel olarak a\u015fa\u011f\u0131daki uygulamalar yap\u0131labilir:<\/p>\n<ul>\n<li>\u0130stenilen renkte boyama, olas\u0131 yang\u0131n durumlar\u0131 i\u00e7in alev y\u00fcr\u00fctmez boya se\u00e7ene\u011fi<\/li>\n<li>Cam g\u00fcn\u00fc, ta\u015f y\u00fcn\u00fc, poli\u00fcretan dolgulu sandvi\u00e7 panel yal\u0131t\u0131m se\u00e7enekleri ve EPS panel<\/li>\n<li>Otomatik ya da manuel tente se\u00e7ene\u011fi<\/li>\n<li>Otomatik panjur<\/li>\n<li>Otomatik ya da manuel a\u00e7\u0131lan hidrolik sistemler<\/li>\n<li>Al\u00fcminyum kap\u0131, \u00e7elik kap\u0131, caml\u0131 kap\u0131, fotoselli kap\u0131, panel kap\u0131, sac kap\u0131 ve farkl\u0131 ebatlarda kap\u0131 se\u00e7enekleri<\/li>\n<li>Ex proof tesisat<\/li>\n<li>Laminant parke, mineflo, baklava sac, epoksi zemin ve betopan se\u00e7enekleri<\/li>\n<li>Havaland\u0131rma menfezi, klima se\u00e7enekleri, havaland\u0131rma fan\u0131, vasistas<\/li>\n<li>Ah\u015fap desenli, Al\u00fcminyum, reflekte aynal\u0131 cam, PVC, \u00e7ital\u0131 PVC, giyotin, s\u00fcrg\u00fcl\u00fc pencere se\u00e7enekleri<\/li>\n<li>\u0130stek dahilinde belirlenen yerlere yap\u0131lan elektrik tesisat\u0131, ayd\u0131nlatma armat\u00fcr\u00fc, anahtar se\u00e7enekleri<\/li>\n<li>Yang\u0131n damperi, yang\u0131n s\u00f6nd\u00fcrme ve yang\u0131n ihbar se\u00e7enekleri<\/li>\n<li>\u0130stenilen derecede uygun bir so\u011futma ve \u0131s\u0131tma se\u00e7ene\u011fi<\/li>\n<li>Al\u00fcminyum kompozit, alikobant, ah\u015fap, betopan, ta\u015fonit, yal\u0131pan, fibercement ya da siding kaplama se\u00e7ene\u011fi<\/li>\n<li>\u0130stenilen boyutta raf, evye, dolap se\u00e7enekleri<\/li>\n<\/ul>\n<p>&nbsp;<\/p>\n<p><strong>\u00a0<\/strong><\/p>","protected":false},"excerpt":{"rendered":"<p>Konteyner Son senelerde yayg\u0131nl\u0131\u011f\u0131 artan ve giderek daha da pop\u00fcler hale gelen konteyner evler bir\u00e7ok avantaja sahiptir. Bu y\u00fczden tercih edenlere \u00e7ok cazip gelmektedirler. Konteyner evleri bu kadar \u00e7ok g\u00fcndeme getiren \u015feylerin ba\u015f\u0131nda di\u011fer yap\u0131 t\u00fcrlerine k\u0131yasla hem daha g\u00fcvenilir hem de daha uygun olmas\u0131d\u0131r. Olduk\u00e7a fonksiyonel<\/p>","protected":false},"author":1,"featured_media":0,"parent":0,"menu_order":0,"comment_status":"closed","ping_status":"closed","template":"","meta":[],"_links":{"self":[{"href":"https:\/\/icebergmuhendislik.com\/ar\/wp-json\/wp\/v2\/pages\/3202"}],"collection":[{"href":"https:\/\/icebergmuhendislik.com\/ar\/wp-json\/wp\/v2\/pages"}],"about":[{"href":"https:\/\/icebergmuhendislik.com\/ar\/wp-json\/wp\/v2\/types\/page"}],"author":[{"embeddable":true,"href":"https:\/\/icebergmuhendislik.com\/ar\/wp-json\/wp\/v2\/users\/1"}],"replies":[{"embeddable":true,"href":"https:\/\/icebergmuhendislik.com\/ar\/wp-json\/wp\/v2\/comments?post=3202"}],"version-history":[{"count":5,"href":"https:\/\/icebergmuhendislik.com\/ar\/wp-json\/wp\/v2\/pages\/3202\/revisions"}],"predecessor-version":[{"id":3210,"href":"https:\/\/icebergmuhendislik.com\/ar\/wp-json\/wp\/v2\/pages\/3202\/revisions\/3210"}],"wp:attachment":[{"href":"https:\/\/icebergmuhendislik.com\/ar\/wp-json\/wp\/v2\/media?parent=3202"}],"curies":[{"name":"wp","href":"https:\/\/api.w.org\/{rel}","templated":true}]}}